{"id":1044,"date":"2018-07-05T19:34:26","date_gmt":"2018-07-05T17:34:26","guid":{"rendered":"http:\/\/goethe-gymnasium.berlin\/?page_id=1044"},"modified":"2018-07-05T19:36:04","modified_gmt":"2018-07-05T17:36:04","slug":"chemie-die-stimmt","status":"publish","type":"page","link":"https:\/\/goethe-gymnasium.berlin\/index.php\/biologie\/das-goethe-gymnasium-und-die-naturwissenschaftlichen-wettbewerbe\/chemie-die-stimmt\/","title":{"rendered":"Chemie &#8211; die stimmt"},"content":{"rendered":"<p><img loading=\"lazy\" decoding=\"async\" class=\"alignnone size-full wp-image-1045\" src=\"http:\/\/goethe-gymnasium.berlin\/wp-content\/uploads\/2018\/07\/chemiediestimmt_logo.jpg\" alt=\"\" width=\"400\" height=\"110\" srcset=\"https:\/\/goethe-gymnasium.berlin\/wp-content\/uploads\/2018\/07\/chemiediestimmt_logo.jpg 400w, https:\/\/goethe-gymnasium.berlin\/wp-content\/uploads\/2018\/07\/chemiediestimmt_logo-300x83.jpg 300w\" sizes=\"auto, (max-width: 400px) 100vw, 400px\" \/><\/p>\n<p>Dieser Wettbewerb wendet sich an Sch\u00fclerInnen der Klassenstufen 9 und 10 aus den n\u00f6rdlichen Bundesl\u00e4ndern Brandenburg, Bremen, Hamburg, Mecklenburg-Vorpommern, Niedersachsen, Schleswig-Holstein und Berlin. Einen parallel ablaufenden und inhaltlich \u00e4hnlichen Wettbewerb gleichen Namens gibt es f\u00fcr die Bundesl\u00e4nder Sachsen, Sachsen-Anhalt und Th\u00fcringen. &#8222;<a href=\"http:\/\/www.chemie-die-stimmt.de\/\" target=\"_blank\" rel=\"noopener\">Chemie &#8211; die stimmt<\/a>&#8220; wird in drei Runden durchgef\u00fchrt.<\/p>\n<p>Zun\u00e4chst werden in Hausarbeit theoretische Aufgaben bearbeitet. Die besten drei\u00dfig M\u00e4dchen und Jungen aus jeder Klassenstufe nehmen dann an der zweiten Runde teil, in der eine mehrst\u00fcndige, sehr anspruchsvolle, Klausur geschrieben wird. In dieser Runde qualifizieren sich die besten f\u00fcnf TeilnehmerInnen jeder Klassenstufe f\u00fcr die Berliner Mannschaft und nehmen am Endausscheid in Rostock teil.<\/p>\n<p>Im Schuljahr 2011\/12 war unser Gymnasium erstmals mit sieben Sch\u00fclerInnen aus den 9. Klassen und 2 Sch\u00fclerinnen aus der Klassenstufe 10 vertreten.<\/p>\n<p>Alle qualifizierten sich f\u00fcr die zweite Runde. Unsere Bilanz in der Klassenstufe 9 \u00fcbertraf alle Erwartungen:<\/p>\n<p><strong>Maria Hartmann gewann den Wettbewerb mit einem deutlichen Punktevorsprung. Peter Pelzer belegte den 4. Platz. <\/strong><\/p>\n<p>Auch unsere anderen Sch\u00fclerInnen wiesen mit ihren Platzierungen nach, dass sie \u00fcber gute und sehr gute Kenntnisse in der Chemie verf\u00fcgen und dass der Unterricht in diesem Fach am Goethe-Gymnasium ein Niveau hat, mit dem wir uns sehen lassen k\u00f6nnen.<\/p>\n<p>Maria und Peter waren schlie\u00dflich auch <strong>in Rostock<\/strong> beim <strong>Endausscheid<\/strong> gegen eine starke Konkurrenz erfolgreich:<strong> Peter belegte in der Theorie den 2. Platz und wurde Sieger im praktischen Gruppenwettbewerb. Maria geh\u00f6rte auf dem 6. Platz ebenfalls zu den Preistr\u00e4gern in der Theorie.<\/strong><\/p>\n<p>Im <strong>Schuljahr 2012\/13<\/strong> stellten sich aus den 9. Klassen 11 und aus den 10. Klassen 8 Sch\u00fcler\/innen den Aufgaben der ersten Runde des Auswahlverfahrens. <strong>Alle Teilnehmer\/innen aus den 9. Klassen und f\u00fcnf aus den 10. Klassen schafften den Sprung in die zweite Runde. <\/strong>In der Klausur der 10. Klassen setzten sich dieses Mal drei unserer Teilnehmer gegen eine starke Konkurrenz aus den anderen Berliner Schulen durch und wurden als Preistr\u00e4ger geehrt:<\/p>\n<ul>\n<li>1. Platz: Peter Pelzer (10f)<\/li>\n<li>4. Platz: Maria Hartmann (10f)<\/li>\n<li>6. Platz: Tom Wessel (10f)<\/li>\n<\/ul>\n<p><img loading=\"lazy\" decoding=\"async\" class=\"alignnone size-medium wp-image-1046\" src=\"http:\/\/goethe-gymnasium.berlin\/wp-content\/uploads\/2018\/07\/chemiewettbewerb2013-bild-300x201.jpg\" alt=\"\" width=\"300\" height=\"201\" srcset=\"https:\/\/goethe-gymnasium.berlin\/wp-content\/uploads\/2018\/07\/chemiewettbewerb2013-bild-300x201.jpg 300w, https:\/\/goethe-gymnasium.berlin\/wp-content\/uploads\/2018\/07\/chemiewettbewerb2013-bild-768x514.jpg 768w, https:\/\/goethe-gymnasium.berlin\/wp-content\/uploads\/2018\/07\/chemiewettbewerb2013-bild-1530x1024.jpg 1530w, https:\/\/goethe-gymnasium.berlin\/wp-content\/uploads\/2018\/07\/chemiewettbewerb2013-bild.jpg 1936w\" sizes=\"auto, (max-width: 300px) 100vw, 300px\" \/><\/p>\n<p style=\"text-align: right;\"><em>Text: Herr Henke (Schuljahr 2013\/14)<\/em><\/p>\n","protected":false},"excerpt":{"rendered":"<p>Dieser Wettbewerb wendet sich an Sch\u00fclerInnen der Klassenstufen 9 und 10 aus den n\u00f6rdlichen Bundesl\u00e4ndern Brandenburg, Bremen, Hamburg, Mecklenburg-Vorpommern, Niedersachsen, <a class=\"more-link\" href=\"https:\/\/goethe-gymnasium.berlin\/index.php\/biologie\/das-goethe-gymnasium-und-die-naturwissenschaftlichen-wettbewerbe\/chemie-die-stimmt\/\">Weiterlesen &#8230;<\/a><\/p>\n","protected":false},"author":5,"featured_media":0,"parent":1022,"menu_order":0,"comment_status":"closed","ping_status":"closed","template":"","meta":{"footnotes":""},"categories":[],"tags":[],"class_list":["post-1044","page","type-page","status-publish","hentry"],"yoast_head":"<!-- This site is optimized with the Yoast SEO plugin v27.4 - https:\/\/yoast.com\/product\/yoast-seo-wordpress\/ -->\n<title>Chemie - die stimmt - Goethe-Gymnasium Berlin-Wilmersdorf<\/title>\n<meta name=\"robots\" content=\"index, follow, max-snippet:-1, max-image-preview:large, max-video-preview:-1\" \/>\n<link rel=\"canonical\" href=\"https:\/\/goethe-gymnasium.berlin\/index.php\/biologie\/das-goethe-gymnasium-und-die-naturwissenschaftlichen-wettbewerbe\/chemie-die-stimmt\/\" \/>\n<meta property=\"og:locale\" content=\"de_DE\" \/>\n<meta property=\"og:type\" content=\"article\" \/>\n<meta property=\"og:title\" content=\"Chemie - die stimmt - Goethe-Gymnasium Berlin-Wilmersdorf\" \/>\n<meta property=\"og:description\" content=\"Dieser Wettbewerb wendet sich an Sch\u00fclerInnen der Klassenstufen 9 und 10 aus den n\u00f6rdlichen Bundesl\u00e4ndern Brandenburg, Bremen, Hamburg, Mecklenburg-Vorpommern, Niedersachsen, Weiterlesen ...\" \/>\n<meta property=\"og:url\" content=\"https:\/\/goethe-gymnasium.berlin\/index.php\/biologie\/das-goethe-gymnasium-und-die-naturwissenschaftlichen-wettbewerbe\/chemie-die-stimmt\/\" \/>\n<meta property=\"og:site_name\" content=\"Goethe-Gymnasium Berlin-Wilmersdorf\" \/>\n<meta property=\"article:publisher\" content=\"https:\/\/www.facebook.com\/pages\/Goethe-Gymnasium\/109376575754402\" \/>\n<meta property=\"article:modified_time\" content=\"2018-07-05T17:36:04+00:00\" \/>\n<meta property=\"og:image\" content=\"http:\/\/goethe-gymnasium.berlin\/wp-content\/uploads\/2018\/07\/chemiediestimmt_logo.jpg\" \/>\n<meta name=\"twitter:card\" content=\"summary_large_image\" \/>\n<meta name=\"twitter:label1\" content=\"Gesch\u00e4tzte Lesezeit\" \/>\n\t<meta name=\"twitter:data1\" content=\"2\u00a0Minuten\" \/>\n<script type=\"application\/ld+json\" class=\"yoast-schema-graph\">{\"@context\":\"https:\\\/\\\/schema.org\",\"@graph\":[{\"@type\":\"WebPage\",\"@id\":\"https:\\\/\\\/goethe-gymnasium.berlin\\\/index.php\\\/biologie\\\/das-goethe-gymnasium-und-die-naturwissenschaftlichen-wettbewerbe\\\/chemie-die-stimmt\\\/\",\"url\":\"https:\\\/\\\/goethe-gymnasium.berlin\\\/index.php\\\/biologie\\\/das-goethe-gymnasium-und-die-naturwissenschaftlichen-wettbewerbe\\\/chemie-die-stimmt\\\/\",\"name\":\"Chemie - die stimmt - Goethe-Gymnasium Berlin-Wilmersdorf\",\"isPartOf\":{\"@id\":\"https:\\\/\\\/goethe-gymnasium.berlin\\\/#website\"},\"primaryImageOfPage\":{\"@id\":\"https:\\\/\\\/goethe-gymnasium.berlin\\\/index.php\\\/biologie\\\/das-goethe-gymnasium-und-die-naturwissenschaftlichen-wettbewerbe\\\/chemie-die-stimmt\\\/#primaryimage\"},\"image\":{\"@id\":\"https:\\\/\\\/goethe-gymnasium.berlin\\\/index.php\\\/biologie\\\/das-goethe-gymnasium-und-die-naturwissenschaftlichen-wettbewerbe\\\/chemie-die-stimmt\\\/#primaryimage\"},\"thumbnailUrl\":\"http:\\\/\\\/goethe-gymnasium.berlin\\\/wp-content\\\/uploads\\\/2018\\\/07\\\/chemiediestimmt_logo.jpg\",\"datePublished\":\"2018-07-05T17:34:26+00:00\",\"dateModified\":\"2018-07-05T17:36:04+00:00\",\"breadcrumb\":{\"@id\":\"https:\\\/\\\/goethe-gymnasium.berlin\\\/index.php\\\/biologie\\\/das-goethe-gymnasium-und-die-naturwissenschaftlichen-wettbewerbe\\\/chemie-die-stimmt\\\/#breadcrumb\"},\"inLanguage\":\"de\",\"potentialAction\":[{\"@type\":\"ReadAction\",\"target\":[\"https:\\\/\\\/goethe-gymnasium.berlin\\\/index.php\\\/biologie\\\/das-goethe-gymnasium-und-die-naturwissenschaftlichen-wettbewerbe\\\/chemie-die-stimmt\\\/\"]}]},{\"@type\":\"ImageObject\",\"inLanguage\":\"de\",\"@id\":\"https:\\\/\\\/goethe-gymnasium.berlin\\\/index.php\\\/biologie\\\/das-goethe-gymnasium-und-die-naturwissenschaftlichen-wettbewerbe\\\/chemie-die-stimmt\\\/#primaryimage\",\"url\":\"https:\\\/\\\/goethe-gymnasium.berlin\\\/wp-content\\\/uploads\\\/2018\\\/07\\\/chemiediestimmt_logo.jpg\",\"contentUrl\":\"https:\\\/\\\/goethe-gymnasium.berlin\\\/wp-content\\\/uploads\\\/2018\\\/07\\\/chemiediestimmt_logo.jpg\",\"width\":400,\"height\":110},{\"@type\":\"BreadcrumbList\",\"@id\":\"https:\\\/\\\/goethe-gymnasium.berlin\\\/index.php\\\/biologie\\\/das-goethe-gymnasium-und-die-naturwissenschaftlichen-wettbewerbe\\\/chemie-die-stimmt\\\/#breadcrumb\",\"itemListElement\":[{\"@type\":\"ListItem\",\"position\":1,\"name\":\"Startseite\",\"item\":\"https:\\\/\\\/goethe-gymnasium.berlin\\\/\"},{\"@type\":\"ListItem\",\"position\":2,\"name\":\"Biologie\",\"item\":\"https:\\\/\\\/goethe-gymnasium.berlin\\\/index.php\\\/biologie\\\/\"},{\"@type\":\"ListItem\",\"position\":3,\"name\":\"Das Goethe-Gymnasium und die naturwissenschaftlichen Wettbewerbe\",\"item\":\"https:\\\/\\\/goethe-gymnasium.berlin\\\/index.php\\\/biologie\\\/das-goethe-gymnasium-und-die-naturwissenschaftlichen-wettbewerbe\\\/\"},{\"@type\":\"ListItem\",\"position\":4,\"name\":\"Chemie &#8211; die stimmt\"}]},{\"@type\":\"WebSite\",\"@id\":\"https:\\\/\\\/goethe-gymnasium.berlin\\\/#website\",\"url\":\"https:\\\/\\\/goethe-gymnasium.berlin\\\/\",\"name\":\"Goethe-Gymnasium Berlin-Wilmersdorf\",\"description\":\"\",\"publisher\":{\"@id\":\"https:\\\/\\\/goethe-gymnasium.berlin\\\/#organization\"},\"potentialAction\":[{\"@type\":\"SearchAction\",\"target\":{\"@type\":\"EntryPoint\",\"urlTemplate\":\"https:\\\/\\\/goethe-gymnasium.berlin\\\/?s={search_term_string}\"},\"query-input\":{\"@type\":\"PropertyValueSpecification\",\"valueRequired\":true,\"valueName\":\"search_term_string\"}}],\"inLanguage\":\"de\"},{\"@type\":\"Organization\",\"@id\":\"https:\\\/\\\/goethe-gymnasium.berlin\\\/#organization\",\"name\":\"Goethe-Gymnasium Berlin-Wilmersdorf\",\"url\":\"https:\\\/\\\/goethe-gymnasium.berlin\\\/\",\"logo\":{\"@type\":\"ImageObject\",\"inLanguage\":\"de\",\"@id\":\"https:\\\/\\\/goethe-gymnasium.berlin\\\/#\\\/schema\\\/logo\\\/image\\\/\",\"url\":\"https:\\\/\\\/goethe-gymnasium.berlin\\\/wp-content\\\/uploads\\\/2018\\\/04\\\/goethe-logo_hoch.png\",\"contentUrl\":\"https:\\\/\\\/goethe-gymnasium.berlin\\\/wp-content\\\/uploads\\\/2018\\\/04\\\/goethe-logo_hoch.png\",\"width\":755,\"height\":514,\"caption\":\"Goethe-Gymnasium Berlin-Wilmersdorf\"},\"image\":{\"@id\":\"https:\\\/\\\/goethe-gymnasium.berlin\\\/#\\\/schema\\\/logo\\\/image\\\/\"},\"sameAs\":[\"https:\\\/\\\/www.facebook.com\\\/pages\\\/Goethe-Gymnasium\\\/109376575754402\",\"https:\\\/\\\/www.youtube.com\\\/channel\\\/UCMKuMVF9h_YkS3zmEp7SnzQ\"]}]}<\/script>\n<!-- \/ Yoast SEO plugin. -->","yoast_head_json":{"title":"Chemie - die stimmt - Goethe-Gymnasium Berlin-Wilmersdorf","robots":{"index":"index","follow":"follow","max-snippet":"max-snippet:-1","max-image-preview":"max-image-preview:large","max-video-preview":"max-video-preview:-1"},"canonical":"https:\/\/goethe-gymnasium.berlin\/index.php\/biologie\/das-goethe-gymnasium-und-die-naturwissenschaftlichen-wettbewerbe\/chemie-die-stimmt\/","og_locale":"de_DE","og_type":"article","og_title":"Chemie - die stimmt - Goethe-Gymnasium Berlin-Wilmersdorf","og_description":"Dieser Wettbewerb wendet sich an Sch\u00fclerInnen der Klassenstufen 9 und 10 aus den n\u00f6rdlichen Bundesl\u00e4ndern Brandenburg, Bremen, Hamburg, Mecklenburg-Vorpommern, Niedersachsen, Weiterlesen ...","og_url":"https:\/\/goethe-gymnasium.berlin\/index.php\/biologie\/das-goethe-gymnasium-und-die-naturwissenschaftlichen-wettbewerbe\/chemie-die-stimmt\/","og_site_name":"Goethe-Gymnasium Berlin-Wilmersdorf","article_publisher":"https:\/\/www.facebook.com\/pages\/Goethe-Gymnasium\/109376575754402","article_modified_time":"2018-07-05T17:36:04+00:00","og_image":[{"url":"http:\/\/goethe-gymnasium.berlin\/wp-content\/uploads\/2018\/07\/chemiediestimmt_logo.jpg","type":"","width":"","height":""}],"twitter_card":"summary_large_image","twitter_misc":{"Gesch\u00e4tzte Lesezeit":"2\u00a0Minuten"},"schema":{"@context":"https:\/\/schema.org","@graph":[{"@type":"WebPage","@id":"https:\/\/goethe-gymnasium.berlin\/index.php\/biologie\/das-goethe-gymnasium-und-die-naturwissenschaftlichen-wettbewerbe\/chemie-die-stimmt\/","url":"https:\/\/goethe-gymnasium.berlin\/index.php\/biologie\/das-goethe-gymnasium-und-die-naturwissenschaftlichen-wettbewerbe\/chemie-die-stimmt\/","name":"Chemie - die stimmt - Goethe-Gymnasium Berlin-Wilmersdorf","isPartOf":{"@id":"https:\/\/goethe-gymnasium.berlin\/#website"},"primaryImageOfPage":{"@id":"https:\/\/goethe-gymnasium.berlin\/index.php\/biologie\/das-goethe-gymnasium-und-die-naturwissenschaftlichen-wettbewerbe\/chemie-die-stimmt\/#primaryimage"},"image":{"@id":"https:\/\/goethe-gymnasium.berlin\/index.php\/biologie\/das-goethe-gymnasium-und-die-naturwissenschaftlichen-wettbewerbe\/chemie-die-stimmt\/#primaryimage"},"thumbnailUrl":"http:\/\/goethe-gymnasium.berlin\/wp-content\/uploads\/2018\/07\/chemiediestimmt_logo.jpg","datePublished":"2018-07-05T17:34:26+00:00","dateModified":"2018-07-05T17:36:04+00:00","breadcrumb":{"@id":"https:\/\/goethe-gymnasium.berlin\/index.php\/biologie\/das-goethe-gymnasium-und-die-naturwissenschaftlichen-wettbewerbe\/chemie-die-stimmt\/#breadcrumb"},"inLanguage":"de","potentialAction":[{"@type":"ReadAction","target":["https:\/\/goethe-gymnasium.berlin\/index.php\/biologie\/das-goethe-gymnasium-und-die-naturwissenschaftlichen-wettbewerbe\/chemie-die-stimmt\/"]}]},{"@type":"ImageObject","inLanguage":"de","@id":"https:\/\/goethe-gymnasium.berlin\/index.php\/biologie\/das-goethe-gymnasium-und-die-naturwissenschaftlichen-wettbewerbe\/chemie-die-stimmt\/#primaryimage","url":"https:\/\/goethe-gymnasium.berlin\/wp-content\/uploads\/2018\/07\/chemiediestimmt_logo.jpg","contentUrl":"https:\/\/goethe-gymnasium.berlin\/wp-content\/uploads\/2018\/07\/chemiediestimmt_logo.jpg","width":400,"height":110},{"@type":"BreadcrumbList","@id":"https:\/\/goethe-gymnasium.berlin\/index.php\/biologie\/das-goethe-gymnasium-und-die-naturwissenschaftlichen-wettbewerbe\/chemie-die-stimmt\/#breadcrumb","itemListElement":[{"@type":"ListItem","position":1,"name":"Startseite","item":"https:\/\/goethe-gymnasium.berlin\/"},{"@type":"ListItem","position":2,"name":"Biologie","item":"https:\/\/goethe-gymnasium.berlin\/index.php\/biologie\/"},{"@type":"ListItem","position":3,"name":"Das Goethe-Gymnasium und die naturwissenschaftlichen Wettbewerbe","item":"https:\/\/goethe-gymnasium.berlin\/index.php\/biologie\/das-goethe-gymnasium-und-die-naturwissenschaftlichen-wettbewerbe\/"},{"@type":"ListItem","position":4,"name":"Chemie &#8211; die stimmt"}]},{"@type":"WebSite","@id":"https:\/\/goethe-gymnasium.berlin\/#website","url":"https:\/\/goethe-gymnasium.berlin\/","name":"Goethe-Gymnasium Berlin-Wilmersdorf","description":"","publisher":{"@id":"https:\/\/goethe-gymnasium.berlin\/#organization"},"potentialAction":[{"@type":"SearchAction","target":{"@type":"EntryPoint","urlTemplate":"https:\/\/goethe-gymnasium.berlin\/?s={search_term_string}"},"query-input":{"@type":"PropertyValueSpecification","valueRequired":true,"valueName":"search_term_string"}}],"inLanguage":"de"},{"@type":"Organization","@id":"https:\/\/goethe-gymnasium.berlin\/#organization","name":"Goethe-Gymnasium Berlin-Wilmersdorf","url":"https:\/\/goethe-gymnasium.berlin\/","logo":{"@type":"ImageObject","inLanguage":"de","@id":"https:\/\/goethe-gymnasium.berlin\/#\/schema\/logo\/image\/","url":"https:\/\/goethe-gymnasium.berlin\/wp-content\/uploads\/2018\/04\/goethe-logo_hoch.png","contentUrl":"https:\/\/goethe-gymnasium.berlin\/wp-content\/uploads\/2018\/04\/goethe-logo_hoch.png","width":755,"height":514,"caption":"Goethe-Gymnasium Berlin-Wilmersdorf"},"image":{"@id":"https:\/\/goethe-gymnasium.berlin\/#\/schema\/logo\/image\/"},"sameAs":["https:\/\/www.facebook.com\/pages\/Goethe-Gymnasium\/109376575754402","https:\/\/www.youtube.com\/channel\/UCMKuMVF9h_YkS3zmEp7SnzQ"]}]}},"_links":{"self":[{"href":"https:\/\/goethe-gymnasium.berlin\/index.php\/wp-json\/wp\/v2\/pages\/1044","targetHints":{"allow":["GET"]}}],"collection":[{"href":"https:\/\/goethe-gymnasium.berlin\/index.php\/wp-json\/wp\/v2\/pages"}],"about":[{"href":"https:\/\/goethe-gymnasium.berlin\/index.php\/wp-json\/wp\/v2\/types\/page"}],"author":[{"embeddable":true,"href":"https:\/\/goethe-gymnasium.berlin\/index.php\/wp-json\/wp\/v2\/users\/5"}],"replies":[{"embeddable":true,"href":"https:\/\/goethe-gymnasium.berlin\/index.php\/wp-json\/wp\/v2\/comments?post=1044"}],"version-history":[{"count":3,"href":"https:\/\/goethe-gymnasium.berlin\/index.php\/wp-json\/wp\/v2\/pages\/1044\/revisions"}],"predecessor-version":[{"id":1051,"href":"https:\/\/goethe-gymnasium.berlin\/index.php\/wp-json\/wp\/v2\/pages\/1044\/revisions\/1051"}],"up":[{"embeddable":true,"href":"https:\/\/goethe-gymnasium.berlin\/index.php\/wp-json\/wp\/v2\/pages\/1022"}],"wp:attachment":[{"href":"https:\/\/goethe-gymnasium.berlin\/index.php\/wp-json\/wp\/v2\/media?parent=1044"}],"wp:term":[{"taxonomy":"category","embeddable":true,"href":"https:\/\/goethe-gymnasium.berlin\/index.php\/wp-json\/wp\/v2\/categories?post=1044"},{"taxonomy":"post_tag","embeddable":true,"href":"https:\/\/goethe-gymnasium.berlin\/index.php\/wp-json\/wp\/v2\/tags?post=1044"}],"curies":[{"name":"wp","href":"https:\/\/api.w.org\/{rel}","templated":true}]}}