{"id":103,"date":"2018-04-24T11:14:36","date_gmt":"2018-04-24T11:14:36","guid":{"rendered":"http:\/\/goethe-gymnasium.berlin\/?page_id=103"},"modified":"2021-08-29T20:39:29","modified_gmt":"2021-08-29T18:39:29","slug":"gewi","status":"publish","type":"page","link":"https:\/\/goethe-gymnasium.berlin\/index.php\/gesellschaftsfaecher\/gewi\/","title":{"rendered":"GeWi"},"content":{"rendered":"\n<p>Doppeljahrgang 5\/6<\/p>\n\n\n\n<p><strong>Ziel des GeWi-Unterrichts:<\/strong><\/p>\n\n\n\n<p>Das Fach Gesellschaftswissenschaften f\u00fchrt in die Perspektiven der drei anschlie\u00dfenden F\u00e4cher Geografie, Geschichte und Politische Bildung ein sowie in die fachspezifischen Zugangs-, Denk- und Arbeitsweisen.<\/p>\n\n\n\n<p><strong>Fachprofil<\/strong>:<\/p>\n\n\n\n<p>Im Unterricht des Faches Gesellschaftswissenschaften befassen sich die Sch\u00fclerinnen und Sch\u00fcler mit vielf\u00e4ltigen Formen gesellschaftlichen Zusammenlebens von Menschen in verschiedenen R\u00e4umen der Erde, in Vergangenheit, Gegenwart und Zukunft. In der Auseinandersetzung mit ausgew\u00e4hlten Inhalten besch\u00e4f-tigen sie sich mit Ph\u00e4nomenen der Geografie, der Geschichte und der Politik. Dabei wird ein Verst\u00e4ndnis \u00fcber Zusammenh\u00e4nge im Raum bef\u00f6rdert sowie ein Geschichts- und politisch-demokratisches Bewusstsein entwickelt. Sie gewinnen r\u00e4umliche und historische Orientierung und entwickeln die Bereitschaft f\u00fcr ein verantwortungsvolles Verhalten. Als Antwort auf die gestiegene Komplexit\u00e4t der Realit\u00e4t bietet das integrative Fach Gesellschaftswissenschaften die Chance, ausgew\u00e4hlten Herausforderungen im Spannungs-feld zwischen historisch gepr\u00e4gten, lokalen, regionalen und globalen Bedingungen perspektiven\u00fcber-greifend zu begegnen. Die vernetzende Betrachtungsweise exemplarischer Frage- und Themenstellungen f\u00fchrt an mehrdimensionales Denken heran sowie zur Erkenntnis, dass dies zur L\u00f6sung komplexer Probleme beitr\u00e4gt.<\/p>\n\n\n\n<p>Hier finden Sie die das aktuelle <a href=\"https:\/\/goethe-gymnasium.berlin\/wp-content\/uploads\/2021\/08\/gewi_schic-2021.pdf\" target=\"_blank\" rel=\"noreferrer noopener\">schulinterne Curriculum Gewi<\/a> f\u00fcr die Klassenstufen 5-6. <\/p>\n\n\n\n<p class=\"has-text-align-right\"><em>Text: FB Gesellschaftswissenschaften (Schuljahr 2020\/21) \/ Grafik: CC0 Public Domain \/ Unsplash &#8211; avel chuklanov, francesco gallarotti; CC0 Public Domain \/ Pixabay &#8211; distel2610<\/em><\/p>\n","protected":false},"excerpt":{"rendered":"<p>Doppeljahrgang 5\/6 Ziel des GeWi-Unterrichts: Das Fach Gesellschaftswissenschaften f\u00fchrt in die Perspektiven der drei anschlie\u00dfenden F\u00e4cher Geografie, Geschichte und Politische <a class=\"more-link\" href=\"https:\/\/goethe-gymnasium.berlin\/index.php\/gesellschaftsfaecher\/gewi\/\">Weiterlesen &#8230;<\/a><\/p>\n","protected":false},"author":1,"featured_media":7412,"parent":101,"menu_order":0,"comment_status":"closed","ping_status":"closed","template":"","meta":{"footnotes":""},"categories":[144,31,409],"tags":[],"class_list":["post-103","page","type-page","status-publish","has-post-thumbnail","hentry","category-geographie","category-geschichte","category-politische-bildung"],"yoast_head":"<!-- This site is optimized with the Yoast SEO plugin v27.3 - https:\/\/yoast.com\/product\/yoast-seo-wordpress\/ -->\n<title>GeWi - Goethe-Gymnasium Berlin-Wilmersdorf<\/title>\n<meta name=\"robots\" content=\"index, follow, max-snippet:-1, max-image-preview:large, max-video-preview:-1\" \/>\n<link rel=\"canonical\" href=\"https:\/\/goethe-gymnasium.berlin\/index.php\/gesellschaftsfaecher\/gewi\/\" \/>\n<meta property=\"og:locale\" content=\"de_DE\" \/>\n<meta property=\"og:type\" content=\"article\" \/>\n<meta property=\"og:title\" content=\"GeWi - Goethe-Gymnasium Berlin-Wilmersdorf\" \/>\n<meta property=\"og:description\" content=\"Doppeljahrgang 5\/6 Ziel des GeWi-Unterrichts: Das Fach Gesellschaftswissenschaften f\u00fchrt in die Perspektiven der drei anschlie\u00dfenden F\u00e4cher Geografie, Geschichte und Politische Weiterlesen ...\" \/>\n<meta property=\"og:url\" content=\"https:\/\/goethe-gymnasium.berlin\/index.php\/gesellschaftsfaecher\/gewi\/\" \/>\n<meta property=\"og:site_name\" content=\"Goethe-Gymnasium Berlin-Wilmersdorf\" \/>\n<meta property=\"article:publisher\" content=\"https:\/\/www.facebook.com\/pages\/Goethe-Gymnasium\/109376575754402\" \/>\n<meta property=\"article:modified_time\" content=\"2021-08-29T18:39:29+00:00\" \/>\n<meta property=\"og:image\" content=\"https:\/\/goethe-gymnasium.berlin\/wp-content\/uploads\/2021\/05\/gewi-bild.jpg\" \/>\n\t<meta property=\"og:image:width\" content=\"640\" \/>\n\t<meta property=\"og:image:height\" content=\"300\" \/>\n\t<meta property=\"og:image:type\" content=\"image\/jpeg\" \/>\n<meta name=\"twitter:card\" content=\"summary_large_image\" \/>\n<meta name=\"twitter:label1\" content=\"Gesch\u00e4tzte Lesezeit\" \/>\n\t<meta name=\"twitter:data1\" content=\"1\u00a0Minute\" \/>\n<script type=\"application\/ld+json\" class=\"yoast-schema-graph\">{\"@context\":\"https:\\\/\\\/schema.org\",\"@graph\":[{\"@type\":\"WebPage\",\"@id\":\"https:\\\/\\\/goethe-gymnasium.berlin\\\/index.php\\\/gesellschaftsfaecher\\\/gewi\\\/\",\"url\":\"https:\\\/\\\/goethe-gymnasium.berlin\\\/index.php\\\/gesellschaftsfaecher\\\/gewi\\\/\",\"name\":\"GeWi - Goethe-Gymnasium Berlin-Wilmersdorf\",\"isPartOf\":{\"@id\":\"https:\\\/\\\/goethe-gymnasium.berlin\\\/#website\"},\"primaryImageOfPage\":{\"@id\":\"https:\\\/\\\/goethe-gymnasium.berlin\\\/index.php\\\/gesellschaftsfaecher\\\/gewi\\\/#primaryimage\"},\"image\":{\"@id\":\"https:\\\/\\\/goethe-gymnasium.berlin\\\/index.php\\\/gesellschaftsfaecher\\\/gewi\\\/#primaryimage\"},\"thumbnailUrl\":\"https:\\\/\\\/goethe-gymnasium.berlin\\\/wp-content\\\/uploads\\\/2021\\\/05\\\/gewi-bild.jpg\",\"datePublished\":\"2018-04-24T11:14:36+00:00\",\"dateModified\":\"2021-08-29T18:39:29+00:00\",\"breadcrumb\":{\"@id\":\"https:\\\/\\\/goethe-gymnasium.berlin\\\/index.php\\\/gesellschaftsfaecher\\\/gewi\\\/#breadcrumb\"},\"inLanguage\":\"de\",\"potentialAction\":[{\"@type\":\"ReadAction\",\"target\":[\"https:\\\/\\\/goethe-gymnasium.berlin\\\/index.php\\\/gesellschaftsfaecher\\\/gewi\\\/\"]}]},{\"@type\":\"ImageObject\",\"inLanguage\":\"de\",\"@id\":\"https:\\\/\\\/goethe-gymnasium.berlin\\\/index.php\\\/gesellschaftsfaecher\\\/gewi\\\/#primaryimage\",\"url\":\"https:\\\/\\\/goethe-gymnasium.berlin\\\/wp-content\\\/uploads\\\/2021\\\/05\\\/gewi-bild.jpg\",\"contentUrl\":\"https:\\\/\\\/goethe-gymnasium.berlin\\\/wp-content\\\/uploads\\\/2021\\\/05\\\/gewi-bild.jpg\",\"width\":640,\"height\":300},{\"@type\":\"BreadcrumbList\",\"@id\":\"https:\\\/\\\/goethe-gymnasium.berlin\\\/index.php\\\/gesellschaftsfaecher\\\/gewi\\\/#breadcrumb\",\"itemListElement\":[{\"@type\":\"ListItem\",\"position\":1,\"name\":\"Startseite\",\"item\":\"https:\\\/\\\/goethe-gymnasium.berlin\\\/\"},{\"@type\":\"ListItem\",\"position\":2,\"name\":\"Gesellschaftswissenschaften\",\"item\":\"https:\\\/\\\/goethe-gymnasium.berlin\\\/index.php\\\/gesellschaftsfaecher\\\/\"},{\"@type\":\"ListItem\",\"position\":3,\"name\":\"GeWi\"}]},{\"@type\":\"WebSite\",\"@id\":\"https:\\\/\\\/goethe-gymnasium.berlin\\\/#website\",\"url\":\"https:\\\/\\\/goethe-gymnasium.berlin\\\/\",\"name\":\"Goethe-Gymnasium Berlin-Wilmersdorf\",\"description\":\"\",\"publisher\":{\"@id\":\"https:\\\/\\\/goethe-gymnasium.berlin\\\/#organization\"},\"potentialAction\":[{\"@type\":\"SearchAction\",\"target\":{\"@type\":\"EntryPoint\",\"urlTemplate\":\"https:\\\/\\\/goethe-gymnasium.berlin\\\/?s={search_term_string}\"},\"query-input\":{\"@type\":\"PropertyValueSpecification\",\"valueRequired\":true,\"valueName\":\"search_term_string\"}}],\"inLanguage\":\"de\"},{\"@type\":\"Organization\",\"@id\":\"https:\\\/\\\/goethe-gymnasium.berlin\\\/#organization\",\"name\":\"Goethe-Gymnasium Berlin-Wilmersdorf\",\"url\":\"https:\\\/\\\/goethe-gymnasium.berlin\\\/\",\"logo\":{\"@type\":\"ImageObject\",\"inLanguage\":\"de\",\"@id\":\"https:\\\/\\\/goethe-gymnasium.berlin\\\/#\\\/schema\\\/logo\\\/image\\\/\",\"url\":\"https:\\\/\\\/goethe-gymnasium.berlin\\\/wp-content\\\/uploads\\\/2018\\\/04\\\/goethe-logo_hoch.png\",\"contentUrl\":\"https:\\\/\\\/goethe-gymnasium.berlin\\\/wp-content\\\/uploads\\\/2018\\\/04\\\/goethe-logo_hoch.png\",\"width\":755,\"height\":514,\"caption\":\"Goethe-Gymnasium Berlin-Wilmersdorf\"},\"image\":{\"@id\":\"https:\\\/\\\/goethe-gymnasium.berlin\\\/#\\\/schema\\\/logo\\\/image\\\/\"},\"sameAs\":[\"https:\\\/\\\/www.facebook.com\\\/pages\\\/Goethe-Gymnasium\\\/109376575754402\",\"https:\\\/\\\/www.youtube.com\\\/channel\\\/UCMKuMVF9h_YkS3zmEp7SnzQ\"]}]}<\/script>\n<!-- \/ Yoast SEO plugin. -->","yoast_head_json":{"title":"GeWi - Goethe-Gymnasium Berlin-Wilmersdorf","robots":{"index":"index","follow":"follow","max-snippet":"max-snippet:-1","max-image-preview":"max-image-preview:large","max-video-preview":"max-video-preview:-1"},"canonical":"https:\/\/goethe-gymnasium.berlin\/index.php\/gesellschaftsfaecher\/gewi\/","og_locale":"de_DE","og_type":"article","og_title":"GeWi - Goethe-Gymnasium Berlin-Wilmersdorf","og_description":"Doppeljahrgang 5\/6 Ziel des GeWi-Unterrichts: Das Fach Gesellschaftswissenschaften f\u00fchrt in die Perspektiven der drei anschlie\u00dfenden F\u00e4cher Geografie, Geschichte und Politische Weiterlesen ...","og_url":"https:\/\/goethe-gymnasium.berlin\/index.php\/gesellschaftsfaecher\/gewi\/","og_site_name":"Goethe-Gymnasium Berlin-Wilmersdorf","article_publisher":"https:\/\/www.facebook.com\/pages\/Goethe-Gymnasium\/109376575754402","article_modified_time":"2021-08-29T18:39:29+00:00","og_image":[{"width":640,"height":300,"url":"https:\/\/goethe-gymnasium.berlin\/wp-content\/uploads\/2021\/05\/gewi-bild.jpg","type":"image\/jpeg"}],"twitter_card":"summary_large_image","twitter_misc":{"Gesch\u00e4tzte Lesezeit":"1\u00a0Minute"},"schema":{"@context":"https:\/\/schema.org","@graph":[{"@type":"WebPage","@id":"https:\/\/goethe-gymnasium.berlin\/index.php\/gesellschaftsfaecher\/gewi\/","url":"https:\/\/goethe-gymnasium.berlin\/index.php\/gesellschaftsfaecher\/gewi\/","name":"GeWi - Goethe-Gymnasium Berlin-Wilmersdorf","isPartOf":{"@id":"https:\/\/goethe-gymnasium.berlin\/#website"},"primaryImageOfPage":{"@id":"https:\/\/goethe-gymnasium.berlin\/index.php\/gesellschaftsfaecher\/gewi\/#primaryimage"},"image":{"@id":"https:\/\/goethe-gymnasium.berlin\/index.php\/gesellschaftsfaecher\/gewi\/#primaryimage"},"thumbnailUrl":"https:\/\/goethe-gymnasium.berlin\/wp-content\/uploads\/2021\/05\/gewi-bild.jpg","datePublished":"2018-04-24T11:14:36+00:00","dateModified":"2021-08-29T18:39:29+00:00","breadcrumb":{"@id":"https:\/\/goethe-gymnasium.berlin\/index.php\/gesellschaftsfaecher\/gewi\/#breadcrumb"},"inLanguage":"de","potentialAction":[{"@type":"ReadAction","target":["https:\/\/goethe-gymnasium.berlin\/index.php\/gesellschaftsfaecher\/gewi\/"]}]},{"@type":"ImageObject","inLanguage":"de","@id":"https:\/\/goethe-gymnasium.berlin\/index.php\/gesellschaftsfaecher\/gewi\/#primaryimage","url":"https:\/\/goethe-gymnasium.berlin\/wp-content\/uploads\/2021\/05\/gewi-bild.jpg","contentUrl":"https:\/\/goethe-gymnasium.berlin\/wp-content\/uploads\/2021\/05\/gewi-bild.jpg","width":640,"height":300},{"@type":"BreadcrumbList","@id":"https:\/\/goethe-gymnasium.berlin\/index.php\/gesellschaftsfaecher\/gewi\/#breadcrumb","itemListElement":[{"@type":"ListItem","position":1,"name":"Startseite","item":"https:\/\/goethe-gymnasium.berlin\/"},{"@type":"ListItem","position":2,"name":"Gesellschaftswissenschaften","item":"https:\/\/goethe-gymnasium.berlin\/index.php\/gesellschaftsfaecher\/"},{"@type":"ListItem","position":3,"name":"GeWi"}]},{"@type":"WebSite","@id":"https:\/\/goethe-gymnasium.berlin\/#website","url":"https:\/\/goethe-gymnasium.berlin\/","name":"Goethe-Gymnasium Berlin-Wilmersdorf","description":"","publisher":{"@id":"https:\/\/goethe-gymnasium.berlin\/#organization"},"potentialAction":[{"@type":"SearchAction","target":{"@type":"EntryPoint","urlTemplate":"https:\/\/goethe-gymnasium.berlin\/?s={search_term_string}"},"query-input":{"@type":"PropertyValueSpecification","valueRequired":true,"valueName":"search_term_string"}}],"inLanguage":"de"},{"@type":"Organization","@id":"https:\/\/goethe-gymnasium.berlin\/#organization","name":"Goethe-Gymnasium Berlin-Wilmersdorf","url":"https:\/\/goethe-gymnasium.berlin\/","logo":{"@type":"ImageObject","inLanguage":"de","@id":"https:\/\/goethe-gymnasium.berlin\/#\/schema\/logo\/image\/","url":"https:\/\/goethe-gymnasium.berlin\/wp-content\/uploads\/2018\/04\/goethe-logo_hoch.png","contentUrl":"https:\/\/goethe-gymnasium.berlin\/wp-content\/uploads\/2018\/04\/goethe-logo_hoch.png","width":755,"height":514,"caption":"Goethe-Gymnasium Berlin-Wilmersdorf"},"image":{"@id":"https:\/\/goethe-gymnasium.berlin\/#\/schema\/logo\/image\/"},"sameAs":["https:\/\/www.facebook.com\/pages\/Goethe-Gymnasium\/109376575754402","https:\/\/www.youtube.com\/channel\/UCMKuMVF9h_YkS3zmEp7SnzQ"]}]}},"_links":{"self":[{"href":"https:\/\/goethe-gymnasium.berlin\/index.php\/wp-json\/wp\/v2\/pages\/103","targetHints":{"allow":["GET"]}}],"collection":[{"href":"https:\/\/goethe-gymnasium.berlin\/index.php\/wp-json\/wp\/v2\/pages"}],"about":[{"href":"https:\/\/goethe-gymnasium.berlin\/index.php\/wp-json\/wp\/v2\/types\/page"}],"author":[{"embeddable":true,"href":"https:\/\/goethe-gymnasium.berlin\/index.php\/wp-json\/wp\/v2\/users\/1"}],"replies":[{"embeddable":true,"href":"https:\/\/goethe-gymnasium.berlin\/index.php\/wp-json\/wp\/v2\/comments?post=103"}],"version-history":[{"count":13,"href":"https:\/\/goethe-gymnasium.berlin\/index.php\/wp-json\/wp\/v2\/pages\/103\/revisions"}],"predecessor-version":[{"id":7827,"href":"https:\/\/goethe-gymnasium.berlin\/index.php\/wp-json\/wp\/v2\/pages\/103\/revisions\/7827"}],"up":[{"embeddable":true,"href":"https:\/\/goethe-gymnasium.berlin\/index.php\/wp-json\/wp\/v2\/pages\/101"}],"wp:featuredmedia":[{"embeddable":true,"href":"https:\/\/goethe-gymnasium.berlin\/index.php\/wp-json\/wp\/v2\/media\/7412"}],"wp:attachment":[{"href":"https:\/\/goethe-gymnasium.berlin\/index.php\/wp-json\/wp\/v2\/media?parent=103"}],"wp:term":[{"taxonomy":"category","embeddable":true,"href":"https:\/\/goethe-gymnasium.berlin\/index.php\/wp-json\/wp\/v2\/categories?post=103"},{"taxonomy":"post_tag","embeddable":true,"href":"https:\/\/goethe-gymnasium.berlin\/index.php\/wp-json\/wp\/v2\/tags?post=103"}],"curies":[{"name":"wp","href":"https:\/\/api.w.org\/{rel}","templated":true}]}}