{"id":1022,"date":"2018-07-05T19:09:37","date_gmt":"2018-07-05T17:09:37","guid":{"rendered":"http:\/\/goethe-gymnasium.berlin\/?page_id=1022"},"modified":"2019-03-17T22:23:10","modified_gmt":"2019-03-17T21:23:10","slug":"das-goethe-gymnasium-und-die-naturwissenschaftlichen-wettbewerbe","status":"publish","type":"page","link":"https:\/\/goethe-gymnasium.berlin\/index.php\/biologie\/das-goethe-gymnasium-und-die-naturwissenschaftlichen-wettbewerbe\/","title":{"rendered":"Das Goethe-Gymnasium und die naturwissenschaftlichen Wettbewerbe"},"content":{"rendered":"<p>In den naturwissenschaftlichen F\u00e4chern gibt es mehrere regionale, nationale und internationale Wettbewerbe, die unseren Sch\u00fclerInnen die M\u00f6glichkeit geben, ihre Kenntnisse und F\u00e4higkeiten zu testen und sich mit anderen Sch\u00fclerInnen zu messen.<\/p>\n<p>In den F\u00e4chern Naturwissenschaften, Physik, Chemie und Biologie sind das:<\/p>\n<ul>\n<li><a href=\"http:\/\/goethe-gymnasium.berlin\/index.php\/biologie\/das-goethe-gymnasium-und-die-naturwissenschaftlichen-wettbewerbe\/1066-2\/\" target=\"_blank\" rel=\"noopener noreferrer\">Internationale JuniorScienceOlympiade (IJSO)<\/a> (Klasse 5 bis 9)<\/li>\n<li><a href=\"http:\/\/goethe-gymnasium.berlin\/index.php\/biologie\/das-goethe-gymnasium-und-die-naturwissenschaftlichen-wettbewerbe\/1060-2\/\" target=\"_blank\" rel=\"noopener noreferrer\">Internationale Biologieolympiade (IBO)<\/a> (Oberstufe)<\/li>\n<li><a href=\"http:\/\/goethe-gymnasium.berlin\/index.php\/biologie\/das-goethe-gymnasium-und-die-naturwissenschaftlichen-wettbewerbe\/1052-2\/\" target=\"_blank\" rel=\"noopener noreferrer\">ChemKids<\/a> (Klasse 4 bis 8)<\/li>\n<li><a href=\"http:\/\/goethe-gymnasium.berlin\/index.php\/biologie\/das-goethe-gymnasium-und-die-naturwissenschaftlichen-wettbewerbe\/chemie-die-stimmt\/\" target=\"_blank\" rel=\"noopener noreferrer\">Chemie &#8211; die stimmt<\/a> (Klasse 9 und 10)<\/li>\n<li><a href=\"http:\/\/goethe-gymnasium.berlin\/index.php\/biologie\/das-goethe-gymnasium-und-die-naturwissenschaftlichen-wettbewerbe\/internationale-chemieolympiade-icho\/\" target=\"_blank\" rel=\"noopener noreferrer\">Internationale Chemieolympiade (IChO)<\/a> (Oberstufe)<\/li>\n<li><a href=\"http:\/\/goethe-gymnasium.berlin\/index.php\/biologie\/das-goethe-gymnasium-und-die-naturwissenschaftlichen-wettbewerbe\/internationale-physikolympiade-ipho\/\" target=\"_blank\" rel=\"noopener noreferrer\">Internationale Physikolympiade (IPhO)<\/a> (Oberstufe)<\/li>\n<\/ul>\n<p>und nat\u00fcrlich die Wettbewerbe<\/p>\n<ul>\n<li>Sch\u00fcler experimentieren<\/li>\n<li><a href=\"https:\/\/www.jugend-forscht.de\/\" target=\"_blank\" rel=\"noopener noreferrer\">Jugend forscht<\/a>.<\/li>\n<\/ul>\n<p>Die Teilnahme an einem oder auch mehreren dieser Wettbewerbe ist eine wichtige Erg\u00e4nzung zum naturwissenschaftlichen Unterricht. Die Ergebnisse erm\u00f6glichen es, uns mit anderen deutschen Schulen zu vergleichen und geben Aufschluss \u00fcber die Qualit\u00e4t der naturwissenschaftlichen Ausbildung am Goethe-Gymnasium.<\/p>\n<p style=\"text-align: right;\"><em>Text: Herr Henke (Schuljahr 2013\/14)<\/em><\/p>\n","protected":false},"excerpt":{"rendered":"<p>In den naturwissenschaftlichen F\u00e4chern gibt es mehrere regionale, nationale und internationale Wettbewerbe, die unseren Sch\u00fclerInnen die M\u00f6glichkeit geben, ihre Kenntnisse <a class=\"more-link\" href=\"https:\/\/goethe-gymnasium.berlin\/index.php\/biologie\/das-goethe-gymnasium-und-die-naturwissenschaftlichen-wettbewerbe\/\">Weiterlesen &#8230;<\/a><\/p>\n","protected":false},"author":5,"featured_media":0,"parent":187,"menu_order":0,"comment_status":"closed","ping_status":"closed","template":"","meta":{"footnotes":""},"categories":[],"tags":[],"class_list":["post-1022","page","type-page","status-publish","hentry"],"yoast_head":"<!-- This site is optimized with the Yoast SEO plugin v27.4 - https:\/\/yoast.com\/product\/yoast-seo-wordpress\/ -->\n<title>Das Goethe-Gymnasium und die naturwissenschaftlichen Wettbewerbe - Goethe-Gymnasium Berlin-Wilmersdorf<\/title>\n<meta name=\"robots\" content=\"index, follow, max-snippet:-1, max-image-preview:large, max-video-preview:-1\" \/>\n<link rel=\"canonical\" href=\"https:\/\/goethe-gymnasium.berlin\/index.php\/biologie\/das-goethe-gymnasium-und-die-naturwissenschaftlichen-wettbewerbe\/\" \/>\n<meta property=\"og:locale\" content=\"de_DE\" \/>\n<meta property=\"og:type\" content=\"article\" \/>\n<meta property=\"og:title\" content=\"Das Goethe-Gymnasium und die naturwissenschaftlichen Wettbewerbe - Goethe-Gymnasium Berlin-Wilmersdorf\" \/>\n<meta property=\"og:description\" content=\"In den naturwissenschaftlichen F\u00e4chern gibt es mehrere regionale, nationale und internationale Wettbewerbe, die unseren Sch\u00fclerInnen die M\u00f6glichkeit geben, ihre Kenntnisse Weiterlesen ...\" \/>\n<meta property=\"og:url\" content=\"https:\/\/goethe-gymnasium.berlin\/index.php\/biologie\/das-goethe-gymnasium-und-die-naturwissenschaftlichen-wettbewerbe\/\" \/>\n<meta property=\"og:site_name\" content=\"Goethe-Gymnasium Berlin-Wilmersdorf\" \/>\n<meta property=\"article:publisher\" content=\"https:\/\/www.facebook.com\/pages\/Goethe-Gymnasium\/109376575754402\" \/>\n<meta property=\"article:modified_time\" content=\"2019-03-17T21:23:10+00:00\" \/>\n<meta property=\"og:image\" content=\"https:\/\/goethe-gymnasium.berlin\/wp-content\/uploads\/2018\/06\/goethe-front-light.jpg\" \/>\n\t<meta property=\"og:image:width\" content=\"1200\" \/>\n\t<meta property=\"og:image:height\" content=\"600\" \/>\n\t<meta property=\"og:image:type\" content=\"image\/jpeg\" \/>\n<meta name=\"twitter:card\" content=\"summary_large_image\" \/>\n<meta name=\"twitter:label1\" content=\"Gesch\u00e4tzte Lesezeit\" \/>\n\t<meta name=\"twitter:data1\" content=\"1\u00a0Minute\" \/>\n<script type=\"application\/ld+json\" class=\"yoast-schema-graph\">{\"@context\":\"https:\\\/\\\/schema.org\",\"@graph\":[{\"@type\":\"WebPage\",\"@id\":\"https:\\\/\\\/goethe-gymnasium.berlin\\\/index.php\\\/biologie\\\/das-goethe-gymnasium-und-die-naturwissenschaftlichen-wettbewerbe\\\/\",\"url\":\"https:\\\/\\\/goethe-gymnasium.berlin\\\/index.php\\\/biologie\\\/das-goethe-gymnasium-und-die-naturwissenschaftlichen-wettbewerbe\\\/\",\"name\":\"Das Goethe-Gymnasium und die naturwissenschaftlichen Wettbewerbe - Goethe-Gymnasium Berlin-Wilmersdorf\",\"isPartOf\":{\"@id\":\"https:\\\/\\\/goethe-gymnasium.berlin\\\/#website\"},\"datePublished\":\"2018-07-05T17:09:37+00:00\",\"dateModified\":\"2019-03-17T21:23:10+00:00\",\"breadcrumb\":{\"@id\":\"https:\\\/\\\/goethe-gymnasium.berlin\\\/index.php\\\/biologie\\\/das-goethe-gymnasium-und-die-naturwissenschaftlichen-wettbewerbe\\\/#breadcrumb\"},\"inLanguage\":\"de\",\"potentialAction\":[{\"@type\":\"ReadAction\",\"target\":[\"https:\\\/\\\/goethe-gymnasium.berlin\\\/index.php\\\/biologie\\\/das-goethe-gymnasium-und-die-naturwissenschaftlichen-wettbewerbe\\\/\"]}]},{\"@type\":\"BreadcrumbList\",\"@id\":\"https:\\\/\\\/goethe-gymnasium.berlin\\\/index.php\\\/biologie\\\/das-goethe-gymnasium-und-die-naturwissenschaftlichen-wettbewerbe\\\/#breadcrumb\",\"itemListElement\":[{\"@type\":\"ListItem\",\"position\":1,\"name\":\"Startseite\",\"item\":\"https:\\\/\\\/goethe-gymnasium.berlin\\\/\"},{\"@type\":\"ListItem\",\"position\":2,\"name\":\"Biologie\",\"item\":\"https:\\\/\\\/goethe-gymnasium.berlin\\\/index.php\\\/biologie\\\/\"},{\"@type\":\"ListItem\",\"position\":3,\"name\":\"Das Goethe-Gymnasium und die naturwissenschaftlichen Wettbewerbe\"}]},{\"@type\":\"WebSite\",\"@id\":\"https:\\\/\\\/goethe-gymnasium.berlin\\\/#website\",\"url\":\"https:\\\/\\\/goethe-gymnasium.berlin\\\/\",\"name\":\"Goethe-Gymnasium Berlin-Wilmersdorf\",\"description\":\"\",\"publisher\":{\"@id\":\"https:\\\/\\\/goethe-gymnasium.berlin\\\/#organization\"},\"potentialAction\":[{\"@type\":\"SearchAction\",\"target\":{\"@type\":\"EntryPoint\",\"urlTemplate\":\"https:\\\/\\\/goethe-gymnasium.berlin\\\/?s={search_term_string}\"},\"query-input\":{\"@type\":\"PropertyValueSpecification\",\"valueRequired\":true,\"valueName\":\"search_term_string\"}}],\"inLanguage\":\"de\"},{\"@type\":\"Organization\",\"@id\":\"https:\\\/\\\/goethe-gymnasium.berlin\\\/#organization\",\"name\":\"Goethe-Gymnasium Berlin-Wilmersdorf\",\"url\":\"https:\\\/\\\/goethe-gymnasium.berlin\\\/\",\"logo\":{\"@type\":\"ImageObject\",\"inLanguage\":\"de\",\"@id\":\"https:\\\/\\\/goethe-gymnasium.berlin\\\/#\\\/schema\\\/logo\\\/image\\\/\",\"url\":\"https:\\\/\\\/goethe-gymnasium.berlin\\\/wp-content\\\/uploads\\\/2018\\\/04\\\/goethe-logo_hoch.png\",\"contentUrl\":\"https:\\\/\\\/goethe-gymnasium.berlin\\\/wp-content\\\/uploads\\\/2018\\\/04\\\/goethe-logo_hoch.png\",\"width\":755,\"height\":514,\"caption\":\"Goethe-Gymnasium Berlin-Wilmersdorf\"},\"image\":{\"@id\":\"https:\\\/\\\/goethe-gymnasium.berlin\\\/#\\\/schema\\\/logo\\\/image\\\/\"},\"sameAs\":[\"https:\\\/\\\/www.facebook.com\\\/pages\\\/Goethe-Gymnasium\\\/109376575754402\",\"https:\\\/\\\/www.youtube.com\\\/channel\\\/UCMKuMVF9h_YkS3zmEp7SnzQ\"]}]}<\/script>\n<!-- \/ Yoast SEO plugin. -->","yoast_head_json":{"title":"Das Goethe-Gymnasium und die naturwissenschaftlichen Wettbewerbe - Goethe-Gymnasium Berlin-Wilmersdorf","robots":{"index":"index","follow":"follow","max-snippet":"max-snippet:-1","max-image-preview":"max-image-preview:large","max-video-preview":"max-video-preview:-1"},"canonical":"https:\/\/goethe-gymnasium.berlin\/index.php\/biologie\/das-goethe-gymnasium-und-die-naturwissenschaftlichen-wettbewerbe\/","og_locale":"de_DE","og_type":"article","og_title":"Das Goethe-Gymnasium und die naturwissenschaftlichen Wettbewerbe - Goethe-Gymnasium Berlin-Wilmersdorf","og_description":"In den naturwissenschaftlichen F\u00e4chern gibt es mehrere regionale, nationale und internationale Wettbewerbe, die unseren Sch\u00fclerInnen die M\u00f6glichkeit geben, ihre Kenntnisse Weiterlesen ...","og_url":"https:\/\/goethe-gymnasium.berlin\/index.php\/biologie\/das-goethe-gymnasium-und-die-naturwissenschaftlichen-wettbewerbe\/","og_site_name":"Goethe-Gymnasium Berlin-Wilmersdorf","article_publisher":"https:\/\/www.facebook.com\/pages\/Goethe-Gymnasium\/109376575754402","article_modified_time":"2019-03-17T21:23:10+00:00","og_image":[{"width":1200,"height":600,"url":"https:\/\/goethe-gymnasium.berlin\/wp-content\/uploads\/2018\/06\/goethe-front-light.jpg","type":"image\/jpeg"}],"twitter_card":"summary_large_image","twitter_misc":{"Gesch\u00e4tzte Lesezeit":"1\u00a0Minute"},"schema":{"@context":"https:\/\/schema.org","@graph":[{"@type":"WebPage","@id":"https:\/\/goethe-gymnasium.berlin\/index.php\/biologie\/das-goethe-gymnasium-und-die-naturwissenschaftlichen-wettbewerbe\/","url":"https:\/\/goethe-gymnasium.berlin\/index.php\/biologie\/das-goethe-gymnasium-und-die-naturwissenschaftlichen-wettbewerbe\/","name":"Das Goethe-Gymnasium und die naturwissenschaftlichen Wettbewerbe - Goethe-Gymnasium Berlin-Wilmersdorf","isPartOf":{"@id":"https:\/\/goethe-gymnasium.berlin\/#website"},"datePublished":"2018-07-05T17:09:37+00:00","dateModified":"2019-03-17T21:23:10+00:00","breadcrumb":{"@id":"https:\/\/goethe-gymnasium.berlin\/index.php\/biologie\/das-goethe-gymnasium-und-die-naturwissenschaftlichen-wettbewerbe\/#breadcrumb"},"inLanguage":"de","potentialAction":[{"@type":"ReadAction","target":["https:\/\/goethe-gymnasium.berlin\/index.php\/biologie\/das-goethe-gymnasium-und-die-naturwissenschaftlichen-wettbewerbe\/"]}]},{"@type":"BreadcrumbList","@id":"https:\/\/goethe-gymnasium.berlin\/index.php\/biologie\/das-goethe-gymnasium-und-die-naturwissenschaftlichen-wettbewerbe\/#breadcrumb","itemListElement":[{"@type":"ListItem","position":1,"name":"Startseite","item":"https:\/\/goethe-gymnasium.berlin\/"},{"@type":"ListItem","position":2,"name":"Biologie","item":"https:\/\/goethe-gymnasium.berlin\/index.php\/biologie\/"},{"@type":"ListItem","position":3,"name":"Das Goethe-Gymnasium und die naturwissenschaftlichen Wettbewerbe"}]},{"@type":"WebSite","@id":"https:\/\/goethe-gymnasium.berlin\/#website","url":"https:\/\/goethe-gymnasium.berlin\/","name":"Goethe-Gymnasium Berlin-Wilmersdorf","description":"","publisher":{"@id":"https:\/\/goethe-gymnasium.berlin\/#organization"},"potentialAction":[{"@type":"SearchAction","target":{"@type":"EntryPoint","urlTemplate":"https:\/\/goethe-gymnasium.berlin\/?s={search_term_string}"},"query-input":{"@type":"PropertyValueSpecification","valueRequired":true,"valueName":"search_term_string"}}],"inLanguage":"de"},{"@type":"Organization","@id":"https:\/\/goethe-gymnasium.berlin\/#organization","name":"Goethe-Gymnasium Berlin-Wilmersdorf","url":"https:\/\/goethe-gymnasium.berlin\/","logo":{"@type":"ImageObject","inLanguage":"de","@id":"https:\/\/goethe-gymnasium.berlin\/#\/schema\/logo\/image\/","url":"https:\/\/goethe-gymnasium.berlin\/wp-content\/uploads\/2018\/04\/goethe-logo_hoch.png","contentUrl":"https:\/\/goethe-gymnasium.berlin\/wp-content\/uploads\/2018\/04\/goethe-logo_hoch.png","width":755,"height":514,"caption":"Goethe-Gymnasium Berlin-Wilmersdorf"},"image":{"@id":"https:\/\/goethe-gymnasium.berlin\/#\/schema\/logo\/image\/"},"sameAs":["https:\/\/www.facebook.com\/pages\/Goethe-Gymnasium\/109376575754402","https:\/\/www.youtube.com\/channel\/UCMKuMVF9h_YkS3zmEp7SnzQ"]}]}},"_links":{"self":[{"href":"https:\/\/goethe-gymnasium.berlin\/index.php\/wp-json\/wp\/v2\/pages\/1022","targetHints":{"allow":["GET"]}}],"collection":[{"href":"https:\/\/goethe-gymnasium.berlin\/index.php\/wp-json\/wp\/v2\/pages"}],"about":[{"href":"https:\/\/goethe-gymnasium.berlin\/index.php\/wp-json\/wp\/v2\/types\/page"}],"author":[{"embeddable":true,"href":"https:\/\/goethe-gymnasium.berlin\/index.php\/wp-json\/wp\/v2\/users\/5"}],"replies":[{"embeddable":true,"href":"https:\/\/goethe-gymnasium.berlin\/index.php\/wp-json\/wp\/v2\/comments?post=1022"}],"version-history":[{"count":8,"href":"https:\/\/goethe-gymnasium.berlin\/index.php\/wp-json\/wp\/v2\/pages\/1022\/revisions"}],"predecessor-version":[{"id":3256,"href":"https:\/\/goethe-gymnasium.berlin\/index.php\/wp-json\/wp\/v2\/pages\/1022\/revisions\/3256"}],"up":[{"embeddable":true,"href":"https:\/\/goethe-gymnasium.berlin\/index.php\/wp-json\/wp\/v2\/pages\/187"}],"wp:attachment":[{"href":"https:\/\/goethe-gymnasium.berlin\/index.php\/wp-json\/wp\/v2\/media?parent=1022"}],"wp:term":[{"taxonomy":"category","embeddable":true,"href":"https:\/\/goethe-gymnasium.berlin\/index.php\/wp-json\/wp\/v2\/categories?post=1022"},{"taxonomy":"post_tag","embeddable":true,"href":"https:\/\/goethe-gymnasium.berlin\/index.php\/wp-json\/wp\/v2\/tags?post=1022"}],"curies":[{"name":"wp","href":"https:\/\/api.w.org\/{rel}","templated":true}]}}